{"id":27,"date":"2026-01-12T18:06:46","date_gmt":"2026-01-12T18:06:46","guid":{"rendered":"https:\/\/ojustiniano.com\/?page_id=27"},"modified":"2026-01-18T23:34:46","modified_gmt":"2026-01-18T23:34:46","slug":"lhistoire","status":"publish","type":"page","link":"https:\/\/ojustiniano.com\/fr\/lhistoire\/","title":{"rendered":"Notre histoire"},"content":{"rendered":"<div data-elementor-type=\"wp-page\" data-elementor-id=\"27\" class=\"elementor elementor-27\" data-elementor-post-type=\"page\">\n\t\t\t\t<div class=\"elementor-element elementor-element-1fe7d99 e-flex e-con-boxed e-con e-parent\" data-id=\"1fe7d99\" data-element_type=\"container\" data-e-type=\"container\" data-settings=\"{&quot;background_background&quot;:&quot;classic&quot;}\">\n\t\t\t\t\t<div class=\"e-con-inner\">\n\t\t<div class=\"elementor-element elementor-element-699ddef e-con-full e-flex e-con e-child\" data-id=\"699ddef\" data-element_type=\"container\" data-e-type=\"container\">\n\t\t<div class=\"elementor-element elementor-element-ed7be0a e-con-full e-flex e-con e-child\" data-id=\"ed7be0a\" data-element_type=\"container\" data-e-type=\"container\">\n\t\t\t\t<div class=\"elementor-element elementor-element-a5142ba elementor-widget elementor-widget-heading\" data-id=\"a5142ba\" data-element_type=\"widget\" data-e-type=\"widget\" data-widget_type=\"heading.default\">\n\t\t\t\t\t<h1 class=\"elementor-heading-title elementor-size-default\">L'h\u00e9ritage qui nous lie \u00e0 Mad\u00e8re<\/h1>\t\t\t\t<\/div>\n\t\t\t\t<\/div>\n\t\t<div class=\"elementor-element elementor-element-03f6e9f e-con-full e-flex e-con e-child\" data-id=\"03f6e9f\" data-element_type=\"container\" data-e-type=\"container\">\n\t\t\t\t<div class=\"elementor-element elementor-element-0a889e4 elementor-widget-mobile__width-initial elementor-widget elementor-widget-image\" data-id=\"0a889e4\" data-element_type=\"widget\" data-e-type=\"widget\" data-widget_type=\"image.default\">\n\t\t\t\t\t\t\t\t\t\t\t\t\t\t\t<img fetchpriority=\"high\" decoding=\"async\" width=\"488\" height=\"594\" src=\"https:\/\/ojustiniano.com\/wp-content\/uploads\/2026\/01\/img-hero-face.webp\" class=\"attachment-large size-large wp-image-257\" alt=\"\" srcset=\"https:\/\/ojustiniano.com\/wp-content\/uploads\/2026\/01\/img-hero-face.webp 488w, https:\/\/ojustiniano.com\/wp-content\/uploads\/2026\/01\/img-hero-face-246x300.webp 246w\" sizes=\"(max-width: 488px) 100vw, 488px\" title=\"\">\t\t\t\t\t\t\t\t\t\t\t\t\t\t\t<\/div>\n\t\t\t\t<\/div>\n\t\t\t\t<\/div>\n\t\t<div class=\"elementor-element elementor-element-4bd50c2 e-con-full e-flex e-con e-child\" data-id=\"4bd50c2\" data-element_type=\"container\" data-e-type=\"container\">\n\t\t\t\t<div class=\"elementor-element elementor-element-1d20f12 elementor-widget elementor-widget-image\" data-id=\"1d20f12\" data-element_type=\"widget\" data-e-type=\"widget\" data-widget_type=\"image.default\">\n\t\t\t\t\t\t\t\t\t\t\t\t\t\t\t<img decoding=\"async\" width=\"1451\" height=\"195\" src=\"https:\/\/ojustiniano.com\/wp-content\/uploads\/2026\/01\/logomarca-justiniano.svg\" class=\"attachment-full size-full wp-image-258\" alt=\"\" title=\"\">\t\t\t\t\t\t\t\t\t\t\t\t\t\t\t<\/div>\n\t\t\t\t<\/div>\n\t\t\t\t\t<\/div>\n\t\t\t\t<\/div>\n\t\t<div class=\"elementor-element elementor-element-07fa905 e-flex e-con-boxed e-con e-parent\" data-id=\"07fa905\" data-element_type=\"container\" data-e-type=\"container\">\n\t\t\t\t\t<div class=\"e-con-inner\">\n\t\t<div class=\"elementor-element elementor-element-fc19aa7 e-con-full e-flex e-con e-child\" data-id=\"fc19aa7\" data-element_type=\"container\" data-e-type=\"container\">\n\t\t\t\t<div class=\"elementor-element elementor-element-47dc717 elementor-widget elementor-widget-heading\" data-id=\"47dc717\" data-element_type=\"widget\" data-e-type=\"widget\" data-widget_type=\"heading.default\">\n\t\t\t\t\t<h2 class=\"elementor-heading-title elementor-size-default\">Introduction<\/h2>\t\t\t\t<\/div>\n\t\t<div class=\"elementor-element elementor-element-342c951 e-con-full e-flex e-con e-child\" data-id=\"342c951\" data-element_type=\"container\" data-e-type=\"container\">\n\t\t\t\t<div class=\"elementor-element elementor-element-07f972c elementor-widget elementor-widget-heading\" data-id=\"07f972c\" data-element_type=\"widget\" data-e-type=\"widget\" data-widget_type=\"heading.default\">\n\t\t\t\t\t<p class=\"elementor-heading-title elementor-size-default\">L'histoire de Justiniano commence avec notre grand-p\u00e8re, un amoureux de la gastronomie locale et de l'art de cuisiner sur le gril.<\/p>\t\t\t\t<\/div>\n\t\t\t\t<div class=\"elementor-element elementor-element-d4026e2 elementor-widget elementor-widget-heading\" data-id=\"d4026e2\" data-element_type=\"widget\" data-e-type=\"widget\" data-widget_type=\"heading.default\">\n\t\t\t\t\t<p class=\"elementor-heading-title elementor-size-default\"> C'est lui qui nous a appris que la bonne cuisine na\u00eet de la simplicit\u00e9, du respect des ingr\u00e9dients et du plaisir d'accueillir les gens.<\/p>\t\t\t\t<\/div>\n\t\t\t\t<\/div>\n\t\t\t\t<\/div>\n\t\t\t\t<div class=\"elementor-element elementor-element-16d4015 elementor-widget-divider--view-line elementor-widget elementor-widget-divider\" data-id=\"16d4015\" data-element_type=\"widget\" data-e-type=\"widget\" data-widget_type=\"divider.default\">\n\t\t\t\t\t\t\t<div class=\"elementor-divider\">\n\t\t\t<span class=\"elementor-divider-separator\">\n\t\t\t\t\t\t<\/span>\n\t\t<\/div>\n\t\t\t\t\t\t<\/div>\n\t\t\t\t\t<\/div>\n\t\t\t\t<\/div>\n\t\t<div class=\"elementor-element elementor-element-a73f65b e-flex e-con-boxed e-con e-parent\" data-id=\"a73f65b\" data-element_type=\"container\" data-e-type=\"container\">\n\t\t\t\t\t<div class=\"e-con-inner\">\n\t\t<div class=\"elementor-element elementor-element-feb4ff9 e-con-full e-flex e-con e-child\" data-id=\"feb4ff9\" data-element_type=\"container\" data-e-type=\"container\">\n\t\t\t\t<div class=\"elementor-element elementor-element-05bbb8b elementor-widget elementor-widget-heading\" data-id=\"05bbb8b\" data-element_type=\"widget\" data-e-type=\"widget\" data-widget_type=\"heading.default\">\n\t\t\t\t\t<h2 class=\"elementor-heading-title elementor-size-default\">L'h\u00e9ritage du grand-p\u00e8re<\/h2>\t\t\t\t<\/div>\n\t\t<div class=\"elementor-element elementor-element-0689f5f e-con-full e-flex e-con e-child\" data-id=\"0689f5f\" data-element_type=\"container\" data-e-type=\"container\">\n\t\t\t\t<div class=\"elementor-element elementor-element-d31685a elementor-widget elementor-widget-heading\" data-id=\"d31685a\" data-element_type=\"widget\" data-e-type=\"widget\" data-widget_type=\"heading.default\">\n\t\t\t\t\t<p class=\"elementor-heading-title elementor-size-default\">Notre grand-p\u00e8re disait toujours que \u201cles meilleurs repas sont ceux qui rassemblent les gens\u201d.<\/p>\t\t\t\t<\/div>\n\t\t\t\t<div class=\"elementor-element elementor-element-cf8ea43 elementor-widget elementor-widget-heading\" data-id=\"cf8ea43\" data-element_type=\"widget\" data-e-type=\"widget\" data-widget_type=\"heading.default\">\n\t\t\t\t\t<p class=\"elementor-heading-title elementor-size-default\">Dans cet esprit, il a cr\u00e9\u00e9 des recettes qui ont marqu\u00e9 des g\u00e9n\u00e9rations et qui continuent aujourd'hui \u00e0 fa\u00e7onner l'identit\u00e9 de nos restaurants.<\/p>\t\t\t\t<\/div>\n\t\t\t\t<div class=\"elementor-element elementor-element-f295957 elementor-widget elementor-widget-heading\" data-id=\"f295957\" data-element_type=\"widget\" data-e-type=\"widget\" data-widget_type=\"heading.default\">\n\t\t\t\t\t<p class=\"elementor-heading-title elementor-size-default\">Leurs brochettes grill\u00e9es, pr\u00e9par\u00e9es avec patience et d\u00e9vouement, sont devenues un symbole de notre tradition.<\/p>\t\t\t\t<\/div>\n\t\t\t\t<\/div>\n\t\t\t\t<\/div>\n\t\t\t\t<div class=\"elementor-element elementor-element-2e04f66 elementor-widget-divider--view-line elementor-widget elementor-widget-divider\" data-id=\"2e04f66\" data-element_type=\"widget\" data-e-type=\"widget\" data-widget_type=\"divider.default\">\n\t\t\t\t\t\t\t<div class=\"elementor-divider\">\n\t\t\t<span class=\"elementor-divider-separator\">\n\t\t\t\t\t\t<\/span>\n\t\t<\/div>\n\t\t\t\t\t\t<\/div>\n\t\t\t\t\t<\/div>\n\t\t\t\t<\/div>\n\t\t<div class=\"elementor-element elementor-element-96ed10b e-flex e-con-boxed e-con e-parent\" data-id=\"96ed10b\" data-element_type=\"container\" data-e-type=\"container\">\n\t\t\t\t\t<div class=\"e-con-inner\">\n\t\t<div class=\"elementor-element elementor-element-bfc995b e-con-full e-flex e-con e-child\" data-id=\"bfc995b\" data-element_type=\"container\" data-e-type=\"container\">\n\t\t\t\t<div class=\"elementor-element elementor-element-2801700 elementor-widget elementor-widget-heading\" data-id=\"2801700\" data-element_type=\"widget\" data-e-type=\"widget\" data-widget_type=\"heading.default\">\n\t\t\t\t\t<h2 class=\"elementor-heading-title elementor-size-default\">De g\u00e9n\u00e9ration en g\u00e9n\u00e9ration<\/h2>\t\t\t\t<\/div>\n\t\t<div class=\"elementor-element elementor-element-28c9e97 e-con-full e-flex e-con e-child\" data-id=\"28c9e97\" data-element_type=\"container\" data-e-type=\"container\">\n\t\t\t\t<div class=\"elementor-element elementor-element-1608062 elementor-widget elementor-widget-heading\" data-id=\"1608062\" data-element_type=\"widget\" data-e-type=\"widget\" data-widget_type=\"heading.default\">\n\t\t\t\t\t<p class=\"elementor-heading-title elementor-size-default\">Au fil du temps, la famille a d\u00e9velopp\u00e9 l'h\u00e9ritage, en conservant l'essence et en apportant des am\u00e9liorations \u00e0 l'exp\u00e9rience et au service.<\/p>\t\t\t\t<\/div>\n\t\t\t\t<div class=\"elementor-element elementor-element-922be55 elementor-widget elementor-widget-heading\" data-id=\"922be55\" data-element_type=\"widget\" data-e-type=\"widget\" data-widget_type=\"heading.default\">\n\t\t\t\t\t<p class=\"elementor-heading-title elementor-size-default\">Aujourd'hui, Justiniano est l'\u00e9quilibre parfait entre tradition et modernit\u00e9 - une cuisine fid\u00e8le \u00e0 ses origines, servie dans un environnement confortable et moderne.<\/p>\t\t\t\t<\/div>\n\t\t\t\t<\/div>\n\t\t\t\t<\/div>\n\t\t\t\t<div class=\"elementor-element elementor-element-30d4b5b elementor-widget-divider--view-line elementor-widget elementor-widget-divider\" data-id=\"30d4b5b\" data-element_type=\"widget\" data-e-type=\"widget\" data-widget_type=\"divider.default\">\n\t\t\t\t\t\t\t<div class=\"elementor-divider\">\n\t\t\t<span class=\"elementor-divider-separator\">\n\t\t\t\t\t\t<\/span>\n\t\t<\/div>\n\t\t\t\t\t\t<\/div>\n\t\t\t\t\t<\/div>\n\t\t\t\t<\/div>\n\t\t<div class=\"elementor-element elementor-element-3370189 e-flex e-con-boxed e-con e-parent\" data-id=\"3370189\" data-element_type=\"container\" data-e-type=\"container\">\n\t\t\t\t\t<div class=\"e-con-inner\">\n\t\t<div class=\"elementor-element elementor-element-3676aea e-con-full e-flex e-con e-child\" data-id=\"3676aea\" data-element_type=\"container\" data-e-type=\"container\">\n\t\t\t\t<div class=\"elementor-element elementor-element-91363f2 elementor-widget elementor-widget-heading\" data-id=\"91363f2\" data-element_type=\"widget\" data-e-type=\"widget\" data-widget_type=\"heading.default\">\n\t\t\t\t\t<h2 class=\"elementor-heading-title elementor-size-default\">Ce qui nous motive<\/h2>\t\t\t\t<\/div>\n\t\t<div class=\"elementor-element elementor-element-16ab076 e-con-full e-flex e-con e-child\" data-id=\"16ab076\" data-element_type=\"container\" data-e-type=\"container\">\n\t\t<div class=\"elementor-element elementor-element-7339742 e-con-full e-flex e-con e-child\" data-id=\"7339742\" data-element_type=\"container\" data-e-type=\"container\">\n\t\t<div class=\"elementor-element elementor-element-98386ff e-con-full e-flex e-con e-child\" data-id=\"98386ff\" data-element_type=\"container\" data-e-type=\"container\">\n\t\t\t\t<div class=\"elementor-element elementor-element-e760452 elementor-widget elementor-widget-image\" data-id=\"e760452\" data-element_type=\"widget\" data-e-type=\"widget\" data-widget_type=\"image.default\">\n\t\t\t\t\t\t\t\t\t\t\t\t\t\t\t<img decoding=\"async\" width=\"36\" height=\"36\" src=\"https:\/\/ojustiniano.com\/wp-content\/uploads\/2026\/01\/icon-check.svg\" class=\"attachment-full size-full wp-image-263\" alt=\"\" title=\"\">\t\t\t\t\t\t\t\t\t\t\t\t\t\t\t<\/div>\n\t\t\t\t<div class=\"elementor-element elementor-element-5c2f35b elementor-widget elementor-widget-heading\" data-id=\"5c2f35b\" data-element_type=\"widget\" data-e-type=\"widget\" data-widget_type=\"heading.default\">\n\t\t\t\t\t<p class=\"elementor-heading-title elementor-size-default\">Valoriser les ingr\u00e9dients locaux<\/p>\t\t\t\t<\/div>\n\t\t\t\t<\/div>\n\t\t\t\t<div class=\"elementor-element elementor-element-97126e7 elementor-widget-divider--view-line elementor-widget elementor-widget-divider\" data-id=\"97126e7\" data-element_type=\"widget\" data-e-type=\"widget\" data-widget_type=\"divider.default\">\n\t\t\t\t\t\t\t<div class=\"elementor-divider\">\n\t\t\t<span class=\"elementor-divider-separator\">\n\t\t\t\t\t\t<\/span>\n\t\t<\/div>\n\t\t\t\t\t\t<\/div>\n\t\t\t\t<\/div>\n\t\t<div class=\"elementor-element elementor-element-0800451 e-con-full e-flex e-con e-child\" data-id=\"0800451\" data-element_type=\"container\" data-e-type=\"container\">\n\t\t<div class=\"elementor-element elementor-element-b8a9668 e-con-full e-flex e-con e-child\" data-id=\"b8a9668\" data-element_type=\"container\" data-e-type=\"container\">\n\t\t\t\t<div class=\"elementor-element elementor-element-b36cc60 elementor-widget elementor-widget-image\" data-id=\"b36cc60\" data-element_type=\"widget\" data-e-type=\"widget\" data-widget_type=\"image.default\">\n\t\t\t\t\t\t\t\t\t\t\t\t\t\t\t<img loading=\"lazy\" decoding=\"async\" width=\"36\" height=\"36\" src=\"https:\/\/ojustiniano.com\/wp-content\/uploads\/2026\/01\/icon-check.svg\" class=\"attachment-2048x2048 size-2048x2048 wp-image-263\" alt=\"\" title=\"\">\t\t\t\t\t\t\t\t\t\t\t\t\t\t\t<\/div>\n\t\t\t\t<div class=\"elementor-element elementor-element-73a04af elementor-widget elementor-widget-heading\" data-id=\"73a04af\" data-element_type=\"widget\" data-e-type=\"widget\" data-widget_type=\"heading.default\">\n\t\t\t\t\t<p class=\"elementor-heading-title elementor-size-default\">Respect des traditions mad\u00e9riennes<\/p>\t\t\t\t<\/div>\n\t\t\t\t<\/div>\n\t\t\t\t<div class=\"elementor-element elementor-element-bd20d4f elementor-widget-divider--view-line elementor-widget elementor-widget-divider\" data-id=\"bd20d4f\" data-element_type=\"widget\" data-e-type=\"widget\" data-widget_type=\"divider.default\">\n\t\t\t\t\t\t\t<div class=\"elementor-divider\">\n\t\t\t<span class=\"elementor-divider-separator\">\n\t\t\t\t\t\t<\/span>\n\t\t<\/div>\n\t\t\t\t\t\t<\/div>\n\t\t\t\t<\/div>\n\t\t<div class=\"elementor-element elementor-element-0ad829c e-con-full e-flex e-con e-child\" data-id=\"0ad829c\" data-element_type=\"container\" data-e-type=\"container\">\n\t\t<div class=\"elementor-element elementor-element-0859e6a e-con-full e-flex e-con e-child\" data-id=\"0859e6a\" data-element_type=\"container\" data-e-type=\"container\">\n\t\t\t\t<div class=\"elementor-element elementor-element-a046914 elementor-widget elementor-widget-image\" data-id=\"a046914\" data-element_type=\"widget\" data-e-type=\"widget\" data-widget_type=\"image.default\">\n\t\t\t\t\t\t\t\t\t\t\t\t\t\t\t<img decoding=\"async\" width=\"36\" height=\"36\" src=\"https:\/\/ojustiniano.com\/wp-content\/uploads\/2026\/01\/icon-check.svg\" class=\"attachment-full size-full wp-image-263\" alt=\"\" title=\"\">\t\t\t\t\t\t\t\t\t\t\t\t\t\t\t<\/div>\n\t\t\t\t<div class=\"elementor-element elementor-element-9403107 elementor-widget elementor-widget-heading\" data-id=\"9403107\" data-element_type=\"widget\" data-e-type=\"widget\" data-widget_type=\"heading.default\">\n\t\t\t\t\t<p class=\"elementor-heading-title elementor-size-default\">Un service chaleureux, familier et authentique<\/p>\t\t\t\t<\/div>\n\t\t\t\t<\/div>\n\t\t\t\t<div class=\"elementor-element elementor-element-8e29db7 elementor-widget-divider--view-line elementor-widget elementor-widget-divider\" data-id=\"8e29db7\" data-element_type=\"widget\" data-e-type=\"widget\" data-widget_type=\"divider.default\">\n\t\t\t\t\t\t\t<div class=\"elementor-divider\">\n\t\t\t<span class=\"elementor-divider-separator\">\n\t\t\t\t\t\t<\/span>\n\t\t<\/div>\n\t\t\t\t\t\t<\/div>\n\t\t\t\t<\/div>\n\t\t<div class=\"elementor-element elementor-element-0b72031 e-con-full e-flex e-con e-child\" data-id=\"0b72031\" data-element_type=\"container\" data-e-type=\"container\">\n\t\t<div class=\"elementor-element elementor-element-06c7120 e-con-full e-flex e-con e-child\" data-id=\"06c7120\" data-element_type=\"container\" data-e-type=\"container\">\n\t\t<div class=\"elementor-element elementor-element-97433b7 e-con-full e-flex e-con e-child\" data-id=\"97433b7\" data-element_type=\"container\" data-e-type=\"container\">\n\t\t\t\t<div class=\"elementor-element elementor-element-7aa04ce elementor-widget elementor-widget-image\" data-id=\"7aa04ce\" data-element_type=\"widget\" data-e-type=\"widget\" data-widget_type=\"image.default\">\n\t\t\t\t\t\t\t\t\t\t\t\t\t\t\t<img decoding=\"async\" width=\"36\" height=\"36\" src=\"https:\/\/ojustiniano.com\/wp-content\/uploads\/2026\/01\/icon-check.svg\" class=\"attachment-full size-full wp-image-263\" alt=\"\" title=\"\">\t\t\t\t\t\t\t\t\t\t\t\t\t\t\t<\/div>\n\t\t\t\t<\/div>\n\t\t\t\t<div class=\"elementor-element elementor-element-08f910e elementor-widget elementor-widget-heading\" data-id=\"08f910e\" data-element_type=\"widget\" data-e-type=\"widget\" data-widget_type=\"heading.default\">\n\t\t\t\t\t<p class=\"elementor-heading-title elementor-size-default\">Accueillir chaque client comme faisant partie de notre histoire<\/p>\t\t\t\t<\/div>\n\t\t\t\t<\/div>\n\t\t\t\t<div class=\"elementor-element elementor-element-5ee4e65 elementor-widget-divider--view-line elementor-widget elementor-widget-divider\" data-id=\"5ee4e65\" data-element_type=\"widget\" data-e-type=\"widget\" data-widget_type=\"divider.default\">\n\t\t\t\t\t\t\t<div class=\"elementor-divider\">\n\t\t\t<span class=\"elementor-divider-separator\">\n\t\t\t\t\t\t<\/span>\n\t\t<\/div>\n\t\t\t\t\t\t<\/div>\n\t\t\t\t<\/div>\n\t\t\t\t<\/div>\n\t\t\t\t<\/div>\n\t\t\t\t\t<\/div>\n\t\t\t\t<\/div>\n\t\t\t\t<\/div>","protected":false},"excerpt":{"rendered":"<p>O Legado Que Nos Une \u00e0 Madeira Introdu\u00e7\u00e3o A hist\u00f3ria do Justiniano come\u00e7a com o nosso av\u00f4 \u2014 um apaixonado pela gastronomia local e pela arte de cozinhar na brasa. Foi ele quem nos ensinou que a boa comida nasce da simplicidade, do respeito pelos ingredientes e do prazer de receber bem. O Legado do [&hellip;]<\/p>","protected":false},"author":1,"featured_media":0,"parent":0,"menu_order":0,"comment_status":"closed","ping_status":"closed","template":"","meta":{"footnotes":""},"class_list":["post-27","page","type-page","status-publish","hentry"],"_links":{"self":[{"href":"https:\/\/ojustiniano.com\/fr\/wp-json\/wp\/v2\/pages\/27","targetHints":{"allow":["GET"]}}],"collection":[{"href":"https:\/\/ojustiniano.com\/fr\/wp-json\/wp\/v2\/pages"}],"about":[{"href":"https:\/\/ojustiniano.com\/fr\/wp-json\/wp\/v2\/types\/page"}],"author":[{"embeddable":true,"href":"https:\/\/ojustiniano.com\/fr\/wp-json\/wp\/v2\/users\/1"}],"replies":[{"embeddable":true,"href":"https:\/\/ojustiniano.com\/fr\/wp-json\/wp\/v2\/comments?post=27"}],"version-history":[{"count":41,"href":"https:\/\/ojustiniano.com\/fr\/wp-json\/wp\/v2\/pages\/27\/revisions"}],"predecessor-version":[{"id":299,"href":"https:\/\/ojustiniano.com\/fr\/wp-json\/wp\/v2\/pages\/27\/revisions\/299"}],"wp:attachment":[{"href":"https:\/\/ojustiniano.com\/fr\/wp-json\/wp\/v2\/media?parent=27"}],"curies":[{"name":"wp","href":"https:\/\/api.w.org\/{rel}","templated":true}]}}